{"id":2,"date":"2024-10-01T07:57:46","date_gmt":"2024-10-01T07:57:46","guid":{"rendered":"https:\/\/barmadariaga.rkinformatika.online\/?page_id=2"},"modified":"2025-02-14T11:04:23","modified_gmt":"2025-02-14T11:04:23","slug":"inicio","status":"publish","type":"page","link":"https:\/\/bodegasbarrenetxeacuesta.com\/eu\/","title":{"rendered":"Hasiera"},"content":{"rendered":"\t\t<div data-elementor-type=\"wp-page\" data-elementor-id=\"2\" class=\"elementor elementor-2\" data-elementor-post-type=\"page\">\n\t\t\t\t\t\t<section class=\"elementor-section elementor-top-section elementor-element elementor-element-28c25b9d elementor-section-boxed elementor-section-height-default elementor-section-height-default\" data-id=\"28c25b9d\" data-element_type=\"section\" data-e-type=\"section\" data-settings=\"{&quot;background_background&quot;:&quot;slideshow&quot;,&quot;background_slideshow_gallery&quot;:[{&quot;id&quot;:826,&quot;url&quot;:&quot;https:\\\/\\\/bodegasbarrenetxeacuesta.com\\\/wp-content\\\/uploads\\\/2025\\\/02\\\/2148214921.jpg&quot;},{&quot;id&quot;:827,&quot;url&quot;:&quot;https:\\\/\\\/bodegasbarrenetxeacuesta.com\\\/wp-content\\\/uploads\\\/2025\\\/02\\\/3043.jpg&quot;},{&quot;id&quot;:828,&quot;url&quot;:&quot;https:\\\/\\\/bodegasbarrenetxeacuesta.com\\\/wp-content\\\/uploads\\\/2025\\\/02\\\/2851.jpg&quot;}],&quot;background_slideshow_lazyload&quot;:&quot;yes&quot;,&quot;background_slideshow_ken_burns&quot;:&quot;yes&quot;,&quot;background_slideshow_loop&quot;:&quot;yes&quot;,&quot;background_slideshow_slide_duration&quot;:5000,&quot;background_slideshow_slide_transition&quot;:&quot;fade&quot;,&quot;background_slideshow_transition_duration&quot;:500,&quot;background_slideshow_ken_burns_zoom_direction&quot;:&quot;in&quot;}\">\n\t\t\t\t\t\t\t<div class=\"elementor-background-overlay\"><\/div>\n\t\t\t\t\t\t\t<div class=\"elementor-container elementor-column-gap-default\">\n\t\t\t\t\t<div class=\"elementor-column elementor-col-100 elementor-top-column elementor-element elementor-element-3a961d61\" data-id=\"3a961d61\" data-element_type=\"column\" data-e-type=\"column\">\n\t\t\t<div class=\"elementor-widget-wrap elementor-element-populated\">\n\t\t\t\t\t\t<div class=\"elementor-element elementor-element-7aa6a541 elementor-invisible elementor-widget elementor-widget-heading\" data-id=\"7aa6a541\" data-element_type=\"widget\" data-e-type=\"widget\" data-settings=\"{&quot;_animation&quot;:&quot;fadeInUp&quot;}\" data-widget_type=\"heading.default\">\n\t\t\t\t<div class=\"elementor-widget-container\">\n\t\t\t\t\t<h3 class=\"elementor-heading-title elementor-size-default\">\u00a1Tu vino ideal est\u00e1 aqu\u00ed!\n\n\n\n\n\n<\/h3>\t\t\t\t<\/div>\n\t\t\t\t<\/div>\n\t\t\t\t<div class=\"elementor-element elementor-element-6f65a6bc elementor-invisible elementor-widget elementor-widget-text-editor\" data-id=\"6f65a6bc\" data-element_type=\"widget\" data-e-type=\"widget\" data-settings=\"{&quot;_animation&quot;:&quot;fadeInDown&quot;,&quot;_animation_delay&quot;:200}\" data-widget_type=\"text-editor.default\">\n\t\t\t\t<div class=\"elementor-widget-container\">\n\t\t\t\t\t\t\t\t\t<p>Vis\u00edtanos y encuentra la mejor selecci\u00f3n de vinos de Rioja, Navarra, Rueda y m\u00e1s.<\/p>\t\t\t\t\t\t\t\t<\/div>\n\t\t\t\t<\/div>\n\t\t\t\t\t<\/div>\n\t\t<\/div>\n\t\t\t\t\t<\/div>\n\t\t<\/section>\n\t\t\t\t<section class=\"elementor-section elementor-top-section elementor-element elementor-element-5d9377e3 elementor-section-content-middle elementor-section-boxed elementor-section-height-default elementor-section-height-default\" data-id=\"5d9377e3\" data-element_type=\"section\" data-e-type=\"section\" data-settings=\"{&quot;background_background&quot;:&quot;classic&quot;}\">\n\t\t\t\t\t\t\t<div class=\"elementor-background-overlay\"><\/div>\n\t\t\t\t\t\t\t<div class=\"elementor-container elementor-column-gap-default\">\n\t\t\t\t\t<div class=\"elementor-column elementor-col-50 elementor-top-column elementor-element elementor-element-773819b5 elementor-invisible\" data-id=\"773819b5\" data-element_type=\"column\" data-e-type=\"column\" data-settings=\"{&quot;animation&quot;:&quot;fadeInLeft&quot;}\">\n\t\t\t<div class=\"elementor-widget-wrap elementor-element-populated\">\n\t\t\t\t\t\t<div class=\"elementor-element elementor-element-3bc6d5b4 elementor-invisible elementor-widget elementor-widget-heading\" data-id=\"3bc6d5b4\" data-element_type=\"widget\" data-e-type=\"widget\" data-settings=\"{&quot;_animation&quot;:&quot;fadeInUp&quot;}\" data-widget_type=\"heading.default\">\n\t\t\t\t<div class=\"elementor-widget-container\">\n\t\t\t\t\t<h6 class=\"elementor-heading-title elementor-size-default\">Qui\u00e9nes somos<\/h6>\t\t\t\t<\/div>\n\t\t\t\t<\/div>\n\t\t\t\t<div class=\"elementor-element elementor-element-e04149f elementor-invisible elementor-widget elementor-widget-heading\" data-id=\"e04149f\" data-element_type=\"widget\" data-e-type=\"widget\" data-settings=\"{&quot;_animation&quot;:&quot;fadeInUp&quot;}\" data-widget_type=\"heading.default\">\n\t\t\t\t<div class=\"elementor-widget-container\">\n\t\t\t\t\t<h2 class=\"elementor-heading-title elementor-size-default\">Bodegas Barrenetxea Cuesta<\/h2>\t\t\t\t<\/div>\n\t\t\t\t<\/div>\n\t\t\t\t<div class=\"elementor-element elementor-element-5c24a83a elementor-invisible elementor-widget elementor-widget-text-editor\" data-id=\"5c24a83a\" data-element_type=\"widget\" data-e-type=\"widget\" data-settings=\"{&quot;_animation&quot;:&quot;fadeInUp&quot;}\" data-widget_type=\"text-editor.default\">\n\t\t\t\t<div class=\"elementor-widget-container\">\n\t\t\t\t\t\t\t\t\t<p>En Bodegas Barrenetxea Cuesta S.L., somos una empresa familiar con m\u00e1s de 25 a\u00f1os de experiencia en el sector del vino. Nos dedicamos al embotellado, venta y distribuci\u00f3n de una amplia gama de vinos de diversas denominaciones de origen, como Rioja, Rueda, Navarra, y otros provenientes de gran parte de Espa\u00f1a.<\/p>\t\t\t\t\t\t\t\t<\/div>\n\t\t\t\t<\/div>\n\t\t\t\t<div class=\"elementor-element elementor-element-35d38aac elementor-invisible elementor-widget elementor-widget-text-editor\" data-id=\"35d38aac\" data-element_type=\"widget\" data-e-type=\"widget\" data-settings=\"{&quot;_animation&quot;:&quot;fadeInUp&quot;}\" data-widget_type=\"text-editor.default\">\n\t\t\t\t<div class=\"elementor-widget-container\">\n\t\t\t\t\t\t\t\t\t<p>Nuestro enfoque es ofrecer vinos de consumo diario de alta calidad tanto a particulares como a bares y tiendas, asegurando siempre un servicio cercano, r\u00e1pido y personalizado. Nos enorgullece que, al ser una empresa familiar, nosotros mismos atendemos y servimos a nuestros clientes, garantizando una atenci\u00f3n directa y de calidad.<\/p>\t\t\t\t\t\t\t\t<\/div>\n\t\t\t\t<\/div>\n\t\t\t\t\t<\/div>\n\t\t<\/div>\n\t\t\t\t<div class=\"elementor-column elementor-col-50 elementor-top-column elementor-element elementor-element-198b79f5\" data-id=\"198b79f5\" data-element_type=\"column\" data-e-type=\"column\">\n\t\t\t<div class=\"elementor-widget-wrap elementor-element-populated\">\n\t\t\t\t\t\t<section class=\"elementor-section elementor-inner-section elementor-element elementor-element-12ffd329 elementor-section-boxed elementor-section-height-default elementor-section-height-default\" data-id=\"12ffd329\" data-element_type=\"section\" data-e-type=\"section\">\n\t\t\t\t\t\t<div class=\"elementor-container elementor-column-gap-default\">\n\t\t\t\t\t<div class=\"elementor-column elementor-col-50 elementor-inner-column elementor-element elementor-element-34b1871e elementor-invisible\" data-id=\"34b1871e\" data-element_type=\"column\" data-e-type=\"column\" data-settings=\"{&quot;animation&quot;:&quot;fadeInUp&quot;}\">\n\t\t\t<div class=\"elementor-widget-wrap elementor-element-populated\">\n\t\t\t\t\t\t<div class=\"elementor-element elementor-element-4b82cd78 elementor-widget elementor-widget-image\" data-id=\"4b82cd78\" data-element_type=\"widget\" data-e-type=\"widget\" data-widget_type=\"image.default\">\n\t\t\t\t<div class=\"elementor-widget-container\">\n\t\t\t\t\t\t\t\t\t\t\t\t\t\t\t<img fetchpriority=\"high\" decoding=\"async\" width=\"1001\" height=\"1500\" src=\"https:\/\/bodegasbarrenetxeacuesta.com\/wp-content\/uploads\/2025\/02\/2148243131.jpg\" class=\"attachment-full size-full wp-image-833\" alt=\"\" srcset=\"https:\/\/bodegasbarrenetxeacuesta.com\/wp-content\/uploads\/2025\/02\/2148243131.jpg 1001w, https:\/\/bodegasbarrenetxeacuesta.com\/wp-content\/uploads\/2025\/02\/2148243131-200x300.jpg 200w, https:\/\/bodegasbarrenetxeacuesta.com\/wp-content\/uploads\/2025\/02\/2148243131-683x1024.jpg 683w, https:\/\/bodegasbarrenetxeacuesta.com\/wp-content\/uploads\/2025\/02\/2148243131-768x1151.jpg 768w, https:\/\/bodegasbarrenetxeacuesta.com\/wp-content\/uploads\/2025\/02\/2148243131-8x12.jpg 8w\" sizes=\"(max-width: 1001px) 100vw, 1001px\" \/>\t\t\t\t\t\t\t\t\t\t\t\t\t\t\t<\/div>\n\t\t\t\t<\/div>\n\t\t\t\t\t<\/div>\n\t\t<\/div>\n\t\t\t\t<div class=\"elementor-column elementor-col-50 elementor-inner-column elementor-element elementor-element-5594c294 elementor-invisible\" data-id=\"5594c294\" data-element_type=\"column\" data-e-type=\"column\" data-settings=\"{&quot;animation&quot;:&quot;fadeInDown&quot;}\">\n\t\t\t<div class=\"elementor-widget-wrap elementor-element-populated\">\n\t\t\t\t\t\t<div class=\"elementor-element elementor-element-15525ddd elementor-widget elementor-widget-image\" data-id=\"15525ddd\" data-element_type=\"widget\" data-e-type=\"widget\" data-widget_type=\"image.default\">\n\t\t\t\t<div class=\"elementor-widget-container\">\n\t\t\t\t\t\t\t\t\t\t\t\t\t\t\t<img decoding=\"async\" width=\"1000\" height=\"1500\" src=\"https:\/\/bodegasbarrenetxeacuesta.com\/wp-content\/uploads\/2025\/02\/7770.jpg\" class=\"attachment-full size-full wp-image-834\" alt=\"\" srcset=\"https:\/\/bodegasbarrenetxeacuesta.com\/wp-content\/uploads\/2025\/02\/7770.jpg 1000w, https:\/\/bodegasbarrenetxeacuesta.com\/wp-content\/uploads\/2025\/02\/7770-200x300.jpg 200w, https:\/\/bodegasbarrenetxeacuesta.com\/wp-content\/uploads\/2025\/02\/7770-683x1024.jpg 683w, https:\/\/bodegasbarrenetxeacuesta.com\/wp-content\/uploads\/2025\/02\/7770-768x1152.jpg 768w, https:\/\/bodegasbarrenetxeacuesta.com\/wp-content\/uploads\/2025\/02\/7770-8x12.jpg 8w\" sizes=\"(max-width: 1000px) 100vw, 1000px\" \/>\t\t\t\t\t\t\t\t\t\t\t\t\t\t\t<\/div>\n\t\t\t\t<\/div>\n\t\t\t\t\t<\/div>\n\t\t<\/div>\n\t\t\t\t\t<\/div>\n\t\t<\/section>\n\t\t\t\t\t<\/div>\n\t\t<\/div>\n\t\t\t\t\t<\/div>\n\t\t<\/section>\n\t\t<div class=\"elementor-element elementor-element-74ea05e e-flex e-con-boxed e-con e-parent\" data-id=\"74ea05e\" data-element_type=\"container\" data-e-type=\"container\" data-settings=\"{&quot;background_background&quot;:&quot;classic&quot;}\">\n\t\t\t\t\t<div class=\"e-con-inner\">\n\t\t\t\t\t<\/div>\n\t\t\t\t<\/div>\n\t\t<div class=\"elementor-element elementor-element-229fdd7 e-flex e-con-boxed e-con e-parent\" data-id=\"229fdd7\" data-element_type=\"container\" data-e-type=\"container\">\n\t\t\t\t\t<div class=\"e-con-inner\">\n\t\t\t\t<div class=\"elementor-element elementor-element-5ce26c3 elementor-widget elementor-widget-heading\" data-id=\"5ce26c3\" data-element_type=\"widget\" data-e-type=\"widget\" data-widget_type=\"heading.default\">\n\t\t\t\t<div class=\"elementor-widget-container\">\n\t\t\t\t\t<h2 class=\"elementor-heading-title elementor-size-default\">Del campo a tu copa. Ven y conoce nuestra variedad de vinos y productos de la mejor calidad. \u00a1Porque te mereces lo mejor!<\/h2>\t\t\t\t<\/div>\n\t\t\t\t<\/div>\n\t\t\t\t\t<\/div>\n\t\t\t\t<\/div>\n\t\t<div class=\"elementor-element elementor-element-3a53940 e-flex e-con-boxed e-con e-parent\" data-id=\"3a53940\" data-element_type=\"container\" data-e-type=\"container\">\n\t\t\t\t\t<div class=\"e-con-inner\">\n\t\t\t\t<div class=\"elementor-element elementor-element-fa9a251 elementor-align-center elementor-widget elementor-widget-button\" data-id=\"fa9a251\" data-element_type=\"widget\" data-e-type=\"widget\" data-widget_type=\"button.default\">\n\t\t\t\t<div class=\"elementor-widget-container\">\n\t\t\t\t\t\t\t\t\t<div class=\"elementor-button-wrapper\">\n\t\t\t\t\t<a class=\"elementor-button elementor-button-link elementor-size-sm\" href=\"https:\/\/bodegasbarrenetxeacuesta.com\/productos\/\">\n\t\t\t\t\t\t<span class=\"elementor-button-content-wrapper\">\n\t\t\t\t\t\t\t\t\t<span class=\"elementor-button-text\">Productos<\/span>\n\t\t\t\t\t<\/span>\n\t\t\t\t\t<\/a>\n\t\t\t\t<\/div>\n\t\t\t\t\t\t\t\t<\/div>\n\t\t\t\t<\/div>\n\t\t\t\t\t<\/div>\n\t\t\t\t<\/div>\n\t\t\t\t<\/div>\n\t\t","protected":false},"excerpt":{"rendered":"<p>\u00a1Tu vino ideal est\u00e1 aqu\u00ed! Vis\u00edtanos y encuentra la mejor selecci\u00f3n de vinos de Rioja, Navarra, Rueda y m\u00e1s. Qui\u00e9nes somos Bodegas Barrenetxea Cuesta En Bodegas Barrenetxea Cuesta S.L., somos una empresa familiar con m\u00e1s de 25 a\u00f1os de experiencia en el sector del vino. Nos dedicamos al embotellado, venta y distribuci\u00f3n de una amplia [&hellip;]<\/p>\n","protected":false},"author":2,"featured_media":0,"parent":0,"menu_order":0,"comment_status":"closed","ping_status":"closed","template":"elementor_canvas","meta":{"footnotes":""},"class_list":["post-2","page","type-page","status-publish","hentry"],"yoast_head":"<!-- This site is optimized with the Yoast SEO plugin v27.3 - https:\/\/yoast.com\/product\/yoast-seo-wordpress\/ -->\n<title>Inicio - Bodegas Barrenetxea Cuesta<\/title>\n<meta name=\"robots\" content=\"index, follow, max-snippet:-1, max-image-preview:large, max-video-preview:-1\" \/>\n<link rel=\"canonical\" href=\"https:\/\/bodegasbarrenetxeacuesta.com\/eu\/\" \/>\n<meta property=\"og:locale\" content=\"en_US\" \/>\n<meta property=\"og:type\" content=\"article\" \/>\n<meta property=\"og:title\" content=\"Inicio - Bodegas Barrenetxea Cuesta\" \/>\n<meta property=\"og:description\" content=\"\u00a1Tu vino ideal est\u00e1 aqu\u00ed! Vis\u00edtanos y encuentra la mejor selecci\u00f3n de vinos de Rioja, Navarra, Rueda y m\u00e1s. Qui\u00e9nes somos Bodegas Barrenetxea Cuesta En Bodegas Barrenetxea Cuesta S.L., somos una empresa familiar con m\u00e1s de 25 a\u00f1os de experiencia en el sector del vino. Nos dedicamos al embotellado, venta y distribuci\u00f3n de una amplia [&hellip;]\" \/>\n<meta property=\"og:url\" content=\"https:\/\/bodegasbarrenetxeacuesta.com\/eu\/\" \/>\n<meta property=\"og:site_name\" content=\"Bodegas Barrenetxea Cuesta\" \/>\n<meta property=\"article:modified_time\" content=\"2025-02-14T11:04:23+00:00\" \/>\n<meta property=\"og:image\" content=\"https:\/\/bodegasbarrenetxeacuesta.com\/wp-content\/uploads\/2025\/02\/2148243131.jpg\" \/>\n\t<meta property=\"og:image:width\" content=\"1001\" \/>\n\t<meta property=\"og:image:height\" content=\"1500\" \/>\n\t<meta property=\"og:image:type\" content=\"image\/jpeg\" \/>\n<meta name=\"twitter:card\" content=\"summary_large_image\" \/>\n<meta name=\"twitter:label1\" content=\"Est. reading time\" \/>\n\t<meta name=\"twitter:data1\" content=\"2 minutua\" \/>\n<script type=\"application\/ld+json\" class=\"yoast-schema-graph\">{\"@context\":\"https:\\\/\\\/schema.org\",\"@graph\":[{\"@type\":\"WebPage\",\"@id\":\"https:\\\/\\\/bodegasbarrenetxeacuesta.com\\\/\",\"url\":\"https:\\\/\\\/bodegasbarrenetxeacuesta.com\\\/\",\"name\":\"Inicio - Bodegas Barrenetxea Cuesta\",\"isPartOf\":{\"@id\":\"https:\\\/\\\/bodegasbarrenetxeacuesta.com\\\/#website\"},\"primaryImageOfPage\":{\"@id\":\"https:\\\/\\\/bodegasbarrenetxeacuesta.com\\\/#primaryimage\"},\"image\":{\"@id\":\"https:\\\/\\\/bodegasbarrenetxeacuesta.com\\\/#primaryimage\"},\"thumbnailUrl\":\"https:\\\/\\\/bodegasbarrenetxeacuesta.com\\\/wp-content\\\/uploads\\\/2025\\\/02\\\/2148243131.jpg\",\"datePublished\":\"2024-10-01T07:57:46+00:00\",\"dateModified\":\"2025-02-14T11:04:23+00:00\",\"breadcrumb\":{\"@id\":\"https:\\\/\\\/bodegasbarrenetxeacuesta.com\\\/#breadcrumb\"},\"inLanguage\":\"eu\",\"potentialAction\":[{\"@type\":\"ReadAction\",\"target\":[\"https:\\\/\\\/bodegasbarrenetxeacuesta.com\\\/\"]}]},{\"@type\":\"ImageObject\",\"inLanguage\":\"eu\",\"@id\":\"https:\\\/\\\/bodegasbarrenetxeacuesta.com\\\/#primaryimage\",\"url\":\"https:\\\/\\\/bodegasbarrenetxeacuesta.com\\\/wp-content\\\/uploads\\\/2025\\\/02\\\/2148243131.jpg\",\"contentUrl\":\"https:\\\/\\\/bodegasbarrenetxeacuesta.com\\\/wp-content\\\/uploads\\\/2025\\\/02\\\/2148243131.jpg\"},{\"@type\":\"BreadcrumbList\",\"@id\":\"https:\\\/\\\/bodegasbarrenetxeacuesta.com\\\/#breadcrumb\",\"itemListElement\":[{\"@type\":\"ListItem\",\"position\":1,\"name\":\"Portada\",\"item\":\"https:\\\/\\\/bodegasbarrenetxeacuesta.com\\\/\"},{\"@type\":\"ListItem\",\"position\":2,\"name\":\"Inicio\"}]},{\"@type\":\"WebSite\",\"@id\":\"https:\\\/\\\/bodegasbarrenetxeacuesta.com\\\/#website\",\"url\":\"https:\\\/\\\/bodegasbarrenetxeacuesta.com\\\/\",\"name\":\"Bodegas Barrenetxea Cuesta\",\"description\":\"Embotellado, venta y distribuci\u00f3n de vinos\",\"publisher\":{\"@id\":\"https:\\\/\\\/bodegasbarrenetxeacuesta.com\\\/#organization\"},\"potentialAction\":[{\"@type\":\"SearchAction\",\"target\":{\"@type\":\"EntryPoint\",\"urlTemplate\":\"https:\\\/\\\/bodegasbarrenetxeacuesta.com\\\/?s={search_term_string}\"},\"query-input\":{\"@type\":\"PropertyValueSpecification\",\"valueRequired\":true,\"valueName\":\"search_term_string\"}}],\"inLanguage\":\"eu\"},{\"@type\":\"Organization\",\"@id\":\"https:\\\/\\\/bodegasbarrenetxeacuesta.com\\\/#organization\",\"name\":\"Bodegas Barrenetxea Cuesta\",\"url\":\"https:\\\/\\\/bodegasbarrenetxeacuesta.com\\\/\",\"logo\":{\"@type\":\"ImageObject\",\"inLanguage\":\"eu\",\"@id\":\"https:\\\/\\\/bodegasbarrenetxeacuesta.com\\\/#\\\/schema\\\/logo\\\/image\\\/\",\"url\":\"https:\\\/\\\/bodegasbarrenetxeacuesta.com\\\/wp-content\\\/uploads\\\/2025\\\/02\\\/cropped-Bodegas-Barrenetxea-Cuesta.png\",\"contentUrl\":\"https:\\\/\\\/bodegasbarrenetxeacuesta.com\\\/wp-content\\\/uploads\\\/2025\\\/02\\\/cropped-Bodegas-Barrenetxea-Cuesta.png\",\"width\":500,\"height\":147,\"caption\":\"Bodegas Barrenetxea Cuesta\"},\"image\":{\"@id\":\"https:\\\/\\\/bodegasbarrenetxeacuesta.com\\\/#\\\/schema\\\/logo\\\/image\\\/\"}}]}<\/script>\n<!-- \/ Yoast SEO plugin. -->","yoast_head_json":{"title":"Inicio - Bodegas Barrenetxea Cuesta","robots":{"index":"index","follow":"follow","max-snippet":"max-snippet:-1","max-image-preview":"max-image-preview:large","max-video-preview":"max-video-preview:-1"},"canonical":"https:\/\/bodegasbarrenetxeacuesta.com\/eu\/","og_locale":"en_US","og_type":"article","og_title":"Inicio - Bodegas Barrenetxea Cuesta","og_description":"\u00a1Tu vino ideal est\u00e1 aqu\u00ed! Vis\u00edtanos y encuentra la mejor selecci\u00f3n de vinos de Rioja, Navarra, Rueda y m\u00e1s. Qui\u00e9nes somos Bodegas Barrenetxea Cuesta En Bodegas Barrenetxea Cuesta S.L., somos una empresa familiar con m\u00e1s de 25 a\u00f1os de experiencia en el sector del vino. Nos dedicamos al embotellado, venta y distribuci\u00f3n de una amplia [&hellip;]","og_url":"https:\/\/bodegasbarrenetxeacuesta.com\/eu\/","og_site_name":"Bodegas Barrenetxea Cuesta","article_modified_time":"2025-02-14T11:04:23+00:00","og_image":[{"width":1001,"height":1500,"url":"https:\/\/bodegasbarrenetxeacuesta.com\/wp-content\/uploads\/2025\/02\/2148243131.jpg","type":"image\/jpeg"}],"twitter_card":"summary_large_image","twitter_misc":{"Est. reading time":"2 minutua"},"schema":{"@context":"https:\/\/schema.org","@graph":[{"@type":"WebPage","@id":"https:\/\/bodegasbarrenetxeacuesta.com\/","url":"https:\/\/bodegasbarrenetxeacuesta.com\/","name":"Inicio - Bodegas Barrenetxea Cuesta","isPartOf":{"@id":"https:\/\/bodegasbarrenetxeacuesta.com\/#website"},"primaryImageOfPage":{"@id":"https:\/\/bodegasbarrenetxeacuesta.com\/#primaryimage"},"image":{"@id":"https:\/\/bodegasbarrenetxeacuesta.com\/#primaryimage"},"thumbnailUrl":"https:\/\/bodegasbarrenetxeacuesta.com\/wp-content\/uploads\/2025\/02\/2148243131.jpg","datePublished":"2024-10-01T07:57:46+00:00","dateModified":"2025-02-14T11:04:23+00:00","breadcrumb":{"@id":"https:\/\/bodegasbarrenetxeacuesta.com\/#breadcrumb"},"inLanguage":"eu","potentialAction":[{"@type":"ReadAction","target":["https:\/\/bodegasbarrenetxeacuesta.com\/"]}]},{"@type":"ImageObject","inLanguage":"eu","@id":"https:\/\/bodegasbarrenetxeacuesta.com\/#primaryimage","url":"https:\/\/bodegasbarrenetxeacuesta.com\/wp-content\/uploads\/2025\/02\/2148243131.jpg","contentUrl":"https:\/\/bodegasbarrenetxeacuesta.com\/wp-content\/uploads\/2025\/02\/2148243131.jpg"},{"@type":"BreadcrumbList","@id":"https:\/\/bodegasbarrenetxeacuesta.com\/#breadcrumb","itemListElement":[{"@type":"ListItem","position":1,"name":"Portada","item":"https:\/\/bodegasbarrenetxeacuesta.com\/"},{"@type":"ListItem","position":2,"name":"Inicio"}]},{"@type":"WebSite","@id":"https:\/\/bodegasbarrenetxeacuesta.com\/#website","url":"https:\/\/bodegasbarrenetxeacuesta.com\/","name":"Barrenetxea Cuesta Upeltegiak","description":"Embotellado, venta y distribuci\u00f3n de vinos","publisher":{"@id":"https:\/\/bodegasbarrenetxeacuesta.com\/#organization"},"potentialAction":[{"@type":"SearchAction","target":{"@type":"EntryPoint","urlTemplate":"https:\/\/bodegasbarrenetxeacuesta.com\/?s={search_term_string}"},"query-input":{"@type":"PropertyValueSpecification","valueRequired":true,"valueName":"search_term_string"}}],"inLanguage":"eu"},{"@type":"Organization","@id":"https:\/\/bodegasbarrenetxeacuesta.com\/#organization","name":"Barrenetxea Cuesta Upeltegiak","url":"https:\/\/bodegasbarrenetxeacuesta.com\/","logo":{"@type":"ImageObject","inLanguage":"eu","@id":"https:\/\/bodegasbarrenetxeacuesta.com\/#\/schema\/logo\/image\/","url":"https:\/\/bodegasbarrenetxeacuesta.com\/wp-content\/uploads\/2025\/02\/cropped-Bodegas-Barrenetxea-Cuesta.png","contentUrl":"https:\/\/bodegasbarrenetxeacuesta.com\/wp-content\/uploads\/2025\/02\/cropped-Bodegas-Barrenetxea-Cuesta.png","width":500,"height":147,"caption":"Bodegas Barrenetxea Cuesta"},"image":{"@id":"https:\/\/bodegasbarrenetxeacuesta.com\/#\/schema\/logo\/image\/"}}]}},"_links":{"self":[{"href":"https:\/\/bodegasbarrenetxeacuesta.com\/eu\/wp-json\/wp\/v2\/pages\/2","targetHints":{"allow":["GET"]}}],"collection":[{"href":"https:\/\/bodegasbarrenetxeacuesta.com\/eu\/wp-json\/wp\/v2\/pages"}],"about":[{"href":"https:\/\/bodegasbarrenetxeacuesta.com\/eu\/wp-json\/wp\/v2\/types\/page"}],"author":[{"embeddable":true,"href":"https:\/\/bodegasbarrenetxeacuesta.com\/eu\/wp-json\/wp\/v2\/users\/2"}],"replies":[{"embeddable":true,"href":"https:\/\/bodegasbarrenetxeacuesta.com\/eu\/wp-json\/wp\/v2\/comments?post=2"}],"version-history":[{"count":241,"href":"https:\/\/bodegasbarrenetxeacuesta.com\/eu\/wp-json\/wp\/v2\/pages\/2\/revisions"}],"predecessor-version":[{"id":1057,"href":"https:\/\/bodegasbarrenetxeacuesta.com\/eu\/wp-json\/wp\/v2\/pages\/2\/revisions\/1057"}],"wp:attachment":[{"href":"https:\/\/bodegasbarrenetxeacuesta.com\/eu\/wp-json\/wp\/v2\/media?parent=2"}],"curies":[{"name":"wp","href":"https:\/\/api.w.org\/{rel}","templated":true}]}}